{"id":9002,"date":"2023-05-17T15:43:16","date_gmt":"2023-05-17T15:43:16","guid":{"rendered":"http:\/\/ledcommercial.us\/?post_type=product&#038;p=9002"},"modified":"2023-12-04T22:18:46","modified_gmt":"2023-12-04T22:18:46","slug":"winged-red-wire-connector-16-12-5000-box","status":"publish","type":"product","link":"https:\/\/ledcommercial.us\/es\/producto\/winged-red-wire-connector-16-12-5000-box\/","title":{"rendered":"P13 Conector Rojo con Alas"},"content":{"rendered":"<p>\u2022 Tipo: Alado<br \/>\n\u2022 Color: Red<br \/>\n\u2022 Calibre: 18-8 AWG<br \/>\n\u2022 Est\u00e1ndares: listado UL y certificado CSA<br \/>\n\u2022 Rango m\u00ednimo de cables: 3#16 AWG<br \/>\n\u2022 Rango m\u00e1ximo de cables: 5#12 AWG<br \/>\n\u2022 Clasificado para un m\u00e1ximo de 300 voltios<br \/>\n\u2022 Alas dise\u00f1adas para proporcionar giros firmes y c\u00f3modos<br \/>\n\u2022 Resorte de alambre fijo<br \/>\n\u2022 No es necesario pretorcer los cables<br \/>\n\u2022 Reutilizable<br \/>\n\u2022 Carcasa clasificada para 105\u00b0 C<br \/>\n\u2022 Carcasa ign\u00edfuga<br \/>\n\u2022 Codificado por colores para una f\u00e1cil selecci\u00f3n de cables<br \/>\n\u2022 La carcasa termopl\u00e1stica protege contra las condiciones ambientales extremas<br \/>\n\u2022 Resiste la acci\u00f3n qu\u00edmica de hidrocarburos, soluciones \u00e1cidas o alcalinas<\/p>","protected":false},"excerpt":{"rendered":"<p>Conectores de cable con ala roja de 18-8 AWG: nuestros conectores de cable con ala superan las expectativas de los electricistas profesionales en todas partes debido a su confiabilidad. Alas dise\u00f1adas para proporcionar giros firmes y c\u00f3modos. Dentro de la cubierta termopl\u00e1stica resistente de un conector de cable hay un resorte de alambre apretado, lo que hace que cada conexi\u00f3n sea r\u00e1pida y segura. Cada conector de cable est\u00e1 codificado por color para facilitar la selecci\u00f3n del tama\u00f1o. Enrosque r\u00e1pida y f\u00e1cilmente. El resorte de alambre fijo crea sus propios hilos a medida que atrae los conductores hasta el conector.<\/p>","protected":false},"featured_media":987905,"comment_status":"open","ping_status":"closed","template":"","meta":[],"product_cat":[84],"product_tag":[56],"class_list":{"0":"post-9002","1":"product","2":"type-product","3":"status-publish","4":"has-post-thumbnail","6":"product_cat-wire-connectors","7":"product_tag-red-wire","9":"first","10":"instock","11":"sale","12":"taxable","13":"shipping-taxable","14":"purchasable","15":"product-type-variable"},"yoast_head":"<!-- This site is optimized with the Yoast SEO plugin v22.4 - https:\/\/yoast.com\/wordpress\/plugins\/seo\/ -->\n<title>P13 Red Winged Wire-Connector - Led Commercial Electrical Supply<\/title>\n<meta name=\"robots\" content=\"index, follow, max-snippet:-1, max-image-preview:large, max-video-preview:-1\" \/>\n<link rel=\"canonical\" href=\"https:\/\/ledcommercial.us\/es\/producto\/winged-red-wire-connector-16-12-5000-box\/\" \/>\n<meta property=\"og:locale\" content=\"es_ES\" \/>\n<meta property=\"og:type\" content=\"article\" \/>\n<meta property=\"og:title\" content=\"P13 Red Winged Wire-Connector - Led Commercial Electrical Supply\" \/>\n<meta property=\"og:description\" content=\"18-8 AWG Red Winged Wire Connectors - Our winged wire connectors exceed the expectations of professional electricians everywhere due to dependability. Wings designed to provide firm &amp; comfortable twisting. Inside the tough, thermoplastic shell of a wire connector is a tight, wire-spring, making each connection quick and secure. Each wire connector is color-coded for easy size selection. Twist-on quickly and easily. Fixed wire spring creates its own threads as it draws the conductors all the way into the connector.\" \/>\n<meta property=\"og:url\" content=\"https:\/\/ledcommercial.us\/es\/producto\/winged-red-wire-connector-16-12-5000-box\/\" \/>\n<meta property=\"og:site_name\" content=\"Led Commercial Electrical Supply\" \/>\n<meta property=\"article:modified_time\" content=\"2023-12-04T22:18:46+00:00\" \/>\n<meta property=\"og:image\" content=\"https:\/\/ledcommercial.us\/wp-content\/uploads\/2023\/04\/Detalle-P13.png\" \/>\n\t<meta property=\"og:image:width\" content=\"1080\" \/>\n\t<meta property=\"og:image:height\" content=\"1080\" \/>\n\t<meta property=\"og:image:type\" content=\"image\/png\" \/>\n<meta name=\"twitter:card\" content=\"summary_large_image\" \/>\n<script type=\"application\/ld+json\" class=\"yoast-schema-graph\">{\"@context\":\"https:\/\/schema.org\",\"@graph\":[{\"@type\":\"WebPage\",\"@id\":\"https:\/\/ledcommercial.us\/product\/winged-red-wire-connector-16-12-5000-box\/\",\"url\":\"https:\/\/ledcommercial.us\/product\/winged-red-wire-connector-16-12-5000-box\/\",\"name\":\"P13 Red Winged Wire-Connector - Led Commercial Electrical Supply\",\"isPartOf\":{\"@id\":\"https:\/\/ledcommercial.us\/#website\"},\"primaryImageOfPage\":{\"@id\":\"https:\/\/ledcommercial.us\/product\/winged-red-wire-connector-16-12-5000-box\/#primaryimage\"},\"image\":{\"@id\":\"https:\/\/ledcommercial.us\/product\/winged-red-wire-connector-16-12-5000-box\/#primaryimage\"},\"thumbnailUrl\":\"https:\/\/ledcommercial.us\/wp-content\/uploads\/2023\/04\/Detalle-P13.png\",\"datePublished\":\"2023-05-17T15:43:16+00:00\",\"dateModified\":\"2023-12-04T22:18:46+00:00\",\"breadcrumb\":{\"@id\":\"https:\/\/ledcommercial.us\/product\/winged-red-wire-connector-16-12-5000-box\/#breadcrumb\"},\"inLanguage\":\"es\",\"potentialAction\":[{\"@type\":\"ReadAction\",\"target\":[\"https:\/\/ledcommercial.us\/product\/winged-red-wire-connector-16-12-5000-box\/\"]}]},{\"@type\":\"ImageObject\",\"inLanguage\":\"es\",\"@id\":\"https:\/\/ledcommercial.us\/product\/winged-red-wire-connector-16-12-5000-box\/#primaryimage\",\"url\":\"https:\/\/ledcommercial.us\/wp-content\/uploads\/2023\/04\/Detalle-P13.png\",\"contentUrl\":\"https:\/\/ledcommercial.us\/wp-content\/uploads\/2023\/04\/Detalle-P13.png\",\"width\":1080,\"height\":1080},{\"@type\":\"BreadcrumbList\",\"@id\":\"https:\/\/ledcommercial.us\/product\/winged-red-wire-connector-16-12-5000-box\/#breadcrumb\",\"itemListElement\":[{\"@type\":\"ListItem\",\"position\":1,\"name\":\"Home\",\"item\":\"https:\/\/ledcommercial.us\/\"},{\"@type\":\"ListItem\",\"position\":2,\"name\":\"Shop\",\"item\":\"https:\/\/ledcommercial.us\/shop\/\"},{\"@type\":\"ListItem\",\"position\":3,\"name\":\"P13 Red Winged Wire-Connector\"}]},{\"@type\":\"WebSite\",\"@id\":\"https:\/\/ledcommercial.us\/#website\",\"url\":\"https:\/\/ledcommercial.us\/\",\"name\":\"Led Commercial Electrical Supply\",\"description\":\"Electrical accessories store\",\"publisher\":{\"@id\":\"https:\/\/ledcommercial.us\/#organization\"},\"alternateName\":\"LED Commercial\",\"potentialAction\":[{\"@type\":\"SearchAction\",\"target\":{\"@type\":\"EntryPoint\",\"urlTemplate\":\"https:\/\/ledcommercial.us\/?s={search_term_string}\"},\"query-input\":\"required name=search_term_string\"}],\"inLanguage\":\"es\"},{\"@type\":\"Organization\",\"@id\":\"https:\/\/ledcommercial.us\/#organization\",\"name\":\"Led Commercial Electrical Supply\",\"url\":\"https:\/\/ledcommercial.us\/\",\"logo\":{\"@type\":\"ImageObject\",\"inLanguage\":\"es\",\"@id\":\"https:\/\/ledcommercial.us\/#\/schema\/logo\/image\/\",\"url\":\"https:\/\/ledcommercial.us\/wp-content\/uploads\/2023\/05\/faviconLed.png\",\"contentUrl\":\"https:\/\/ledcommercial.us\/wp-content\/uploads\/2023\/05\/faviconLed.png\",\"width\":128,\"height\":128,\"caption\":\"Led Commercial Electrical Supply\"},\"image\":{\"@id\":\"https:\/\/ledcommercial.us\/#\/schema\/logo\/image\/\"}}]}<\/script>\n<!-- \/ Yoast SEO plugin. -->","yoast_head_json":{"title":"P13 Red Winged Wire-Connector - Led Commercial Electrical Supply","robots":{"index":"index","follow":"follow","max-snippet":"max-snippet:-1","max-image-preview":"max-image-preview:large","max-video-preview":"max-video-preview:-1"},"canonical":"https:\/\/ledcommercial.us\/es\/producto\/winged-red-wire-connector-16-12-5000-box\/","og_locale":"es_ES","og_type":"article","og_title":"P13 Red Winged Wire-Connector - Led Commercial Electrical Supply","og_description":"18-8 AWG Red Winged Wire Connectors - Our winged wire connectors exceed the expectations of professional electricians everywhere due to dependability. Wings designed to provide firm &amp; comfortable twisting. Inside the tough, thermoplastic shell of a wire connector is a tight, wire-spring, making each connection quick and secure. Each wire connector is color-coded for easy size selection. Twist-on quickly and easily. Fixed wire spring creates its own threads as it draws the conductors all the way into the connector.","og_url":"https:\/\/ledcommercial.us\/es\/producto\/winged-red-wire-connector-16-12-5000-box\/","og_site_name":"Led Commercial Electrical Supply","article_modified_time":"2023-12-04T22:18:46+00:00","og_image":[{"width":1080,"height":1080,"url":"https:\/\/ledcommercial.us\/wp-content\/uploads\/2023\/04\/Detalle-P13.png","type":"image\/png"}],"twitter_card":"summary_large_image","schema":{"@context":"https:\/\/schema.org","@graph":[{"@type":"WebPage","@id":"https:\/\/ledcommercial.us\/product\/winged-red-wire-connector-16-12-5000-box\/","url":"https:\/\/ledcommercial.us\/product\/winged-red-wire-connector-16-12-5000-box\/","name":"P13 Red Winged Wire-Connector - Led Commercial Electrical Supply","isPartOf":{"@id":"https:\/\/ledcommercial.us\/#website"},"primaryImageOfPage":{"@id":"https:\/\/ledcommercial.us\/product\/winged-red-wire-connector-16-12-5000-box\/#primaryimage"},"image":{"@id":"https:\/\/ledcommercial.us\/product\/winged-red-wire-connector-16-12-5000-box\/#primaryimage"},"thumbnailUrl":"https:\/\/ledcommercial.us\/wp-content\/uploads\/2023\/04\/Detalle-P13.png","datePublished":"2023-05-17T15:43:16+00:00","dateModified":"2023-12-04T22:18:46+00:00","breadcrumb":{"@id":"https:\/\/ledcommercial.us\/product\/winged-red-wire-connector-16-12-5000-box\/#breadcrumb"},"inLanguage":"es","potentialAction":[{"@type":"ReadAction","target":["https:\/\/ledcommercial.us\/product\/winged-red-wire-connector-16-12-5000-box\/"]}]},{"@type":"ImageObject","inLanguage":"es","@id":"https:\/\/ledcommercial.us\/product\/winged-red-wire-connector-16-12-5000-box\/#primaryimage","url":"https:\/\/ledcommercial.us\/wp-content\/uploads\/2023\/04\/Detalle-P13.png","contentUrl":"https:\/\/ledcommercial.us\/wp-content\/uploads\/2023\/04\/Detalle-P13.png","width":1080,"height":1080},{"@type":"BreadcrumbList","@id":"https:\/\/ledcommercial.us\/product\/winged-red-wire-connector-16-12-5000-box\/#breadcrumb","itemListElement":[{"@type":"ListItem","position":1,"name":"Home","item":"https:\/\/ledcommercial.us\/"},{"@type":"ListItem","position":2,"name":"Shop","item":"https:\/\/ledcommercial.us\/shop\/"},{"@type":"ListItem","position":3,"name":"P13 Red Winged Wire-Connector"}]},{"@type":"WebSite","@id":"https:\/\/ledcommercial.us\/#website","url":"https:\/\/ledcommercial.us\/","name":"Led Commercial Electrical Supply","description":"Electrical accessories store","publisher":{"@id":"https:\/\/ledcommercial.us\/#organization"},"alternateName":"LED Commercial","potentialAction":[{"@type":"SearchAction","target":{"@type":"EntryPoint","urlTemplate":"https:\/\/ledcommercial.us\/?s={search_term_string}"},"query-input":"required name=search_term_string"}],"inLanguage":"es"},{"@type":"Organization","@id":"https:\/\/ledcommercial.us\/#organization","name":"Led Commercial Electrical Supply","url":"https:\/\/ledcommercial.us\/","logo":{"@type":"ImageObject","inLanguage":"es","@id":"https:\/\/ledcommercial.us\/#\/schema\/logo\/image\/","url":"https:\/\/ledcommercial.us\/wp-content\/uploads\/2023\/05\/faviconLed.png","contentUrl":"https:\/\/ledcommercial.us\/wp-content\/uploads\/2023\/05\/faviconLed.png","width":128,"height":128,"caption":"Led Commercial Electrical Supply"},"image":{"@id":"https:\/\/ledcommercial.us\/#\/schema\/logo\/image\/"}}]}},"_links":{"self":[{"href":"https:\/\/ledcommercial.us\/es\/wp-json\/wp\/v2\/product\/9002","targetHints":{"allow":["GET"]}}],"collection":[{"href":"https:\/\/ledcommercial.us\/es\/wp-json\/wp\/v2\/product"}],"about":[{"href":"https:\/\/ledcommercial.us\/es\/wp-json\/wp\/v2\/types\/product"}],"replies":[{"embeddable":true,"href":"https:\/\/ledcommercial.us\/es\/wp-json\/wp\/v2\/comments?post=9002"}],"wp:featuredmedia":[{"embeddable":true,"href":"https:\/\/ledcommercial.us\/es\/wp-json\/wp\/v2\/media\/987905"}],"wp:attachment":[{"href":"https:\/\/ledcommercial.us\/es\/wp-json\/wp\/v2\/media?parent=9002"}],"wp:term":[{"taxonomy":"product_cat","embeddable":true,"href":"https:\/\/ledcommercial.us\/es\/wp-json\/wp\/v2\/product_cat?post=9002"},{"taxonomy":"product_tag","embeddable":true,"href":"https:\/\/ledcommercial.us\/es\/wp-json\/wp\/v2\/product_tag?post=9002"}],"curies":[{"name":"wp","href":"https:\/\/api.w.org\/{rel}","templated":true}]}}